{"id":51,"date":"2024-10-29T11:00:02","date_gmt":"2024-10-29T11:00:02","guid":{"rendered":"https:\/\/patrick-friedl.de\/klimaallianz\/wps\/?page_id=51"},"modified":"2025-02-28T16:33:24","modified_gmt":"2025-02-28T15:33:24","slug":"startseite","status":"publish","type":"page","link":"https:\/\/klima-allianz-wuerzburg.de\/wps\/","title":{"rendered":""},"content":{"rendered":"\n<div class=\"wp-block-query is-layout-flow wp-block-query-is-layout-flow\"><ul class=\"wp-block-post-template is-layout-flow wp-block-post-template-is-layout-flow\"><li class=\"wp-block-post post-137 post type-post status-publish format-standard has-post-thumbnail hentry category-uncategorised\">\n<h2 class=\"wp-block-post-title\"><a href=\"https:\/\/klima-allianz-wuerzburg.de\/wps\/save-the-date-4-klima-schutz-kongress\/\" target=\"_self\" >4. KlimaSchutzKongress<\/a><\/h2>\n\n\n<div class=\"wp-block-group is-layout-flow wp-block-group-is-layout-flow\"><div style=\"min-height:0px;\" class=\"entry-content wp-block-post-content is-layout-flow wp-container-core-post-content-is-layout-81d5c4b5 wp-block-post-content-is-layout-flow\">\n<div class=\"wp-block-buttons is-layout-flex wp-block-buttons-is-layout-flex\">\n<div class=\"wp-block-button\"><a class=\"wp-block-button__link wp-element-button\" href=\"mailto:anmelden@klima-allianz-wuerzburg.de\">Die Anmeldung ist beendet. Kontakt via E-Mail: anmelden@klima-allianz-wuerzburg.de<\/a><\/div>\n<\/div>\n\n\n\n<figure class=\"wp-block-image size-large\"><img loading=\"lazy\" decoding=\"async\" width=\"723\" height=\"1024\" src=\"https:\/\/klima-allianz-wuerzburg.de\/wps\/wp-content\/uploads\/2025\/02\/4-Klimaschutzkongress-2025-Screen-723x1024.jpg\" alt=\"\" class=\"wp-image-168\"\/><\/figure>\n\n\n\n<h5 class=\"wp-block-heading\">Gerne weiter verbreiten!<\/h5>\n\n\n\n<p>Hier der geplante <strong>Programm-Ablauf<\/strong>:<br><br><strong>10 Uhr Begr\u00fc\u00dfung <\/strong>durch Prof. Dr. Anja Schl\u00f6merkemper und Patrick Friedl<br>10:15 Uhr Keynote \u201ePotentiale der Bio\u00f6konomie f\u00fcr eine nachhaltige Wirtschaft\u201c<br>Prof. Dr. Tatjana Nabokin &#8211; Hochschule M\u00fcnchen<br>10:45 Uhr Keynote \u201eOhne Postwachstums\u00f6konomie kein Klimaschutz\u201c<br>apl. Prof. Dr. Niko Paech &#8211; Universit\u00e4t Siegen<br>11:15 Uhr Kurzes Podiumsgespr\u00e4ch mit Prof. Nabokin und apl. Prof. Paech<br>Moderation: Angelika Kleinhenz, Journalistin<br>11:45 bis 13:00 Uhr Workshops Teil 1<br>13:00 bis 14:15 Uhr Mittagspause und Infomarkt<br>14:15 bis 15:30 Uhr Workshops Teil 2<br>15:30 bis 16:00 Uhr Kaffeepause und Infomarkt<br>16:00 Uhr Berichte aus den Workshops und Abschluss-Statements<br>16:45 Uhr Verabschiedung &#8211; <strong>Ende bis 17 Uhr<\/strong><br><br>Hier die Workshops:<br><br>Workshop 1 <strong>Klimaresiliente Kommune<\/strong><br>Prof. Dr. Heiko Paeth, Professur f\u00fcr Klimatologie, Universit\u00e4t W\u00fcrzburg<br><br>Workshop 2 <strong>Geb\u00e4ude und Quartiere im Wandel:<\/strong><br><strong>Ganzheitliche Aspekte f\u00fcr die Energiewende<\/strong><br>Dr. Bastian B\u00fcttner, stellv. Gruppenleiter am Center for Applied Energy Research (CAE)<br><br>Workshop 3 enf\u00e4llt<br><br>Workshop 4 <strong>Wasserschutz &#8211; Wasserr\u00fcckhalt in der Fl\u00e4che<\/strong><br>Prof. Dr. Markus Disse, Professur f\u00fcr Wasserwirtschaft, Technische Universit\u00e4t M\u00fcnchen<br><br>Workshop 5 <strong>Wiederherstellung der \u00d6kosysteme in der Klimakrise &#8211; Beispiel Wald<\/strong><br>Peter Naumann, Vorstand f\u00fcr Wald- &amp; Umweltpolitik, Bergwaldprojekt e.V.<br><br>Workshop 6 <strong>Nachhaltige Mobilit\u00e4t f\u00fcr W\u00fcrzburg<\/strong><br><strong>Potenziale, Barrieren und L\u00f6sungsvorschl\u00e4ge<\/strong><br>Prof. Dr. Christiane Gross, Institut f\u00fcr Politikwissenschaft und Soziologie, Uni W\u00fcrzburg<br><br>Workshop 7 <strong>Nachhaltigkeit im Betonbau<\/strong><br><strong>Potenziale von R-Beton und neuen Zementen<\/strong><br>Prof. Dr. Christian Fischer, Technische Hochschule W\u00fcrzburg-Schweinfurt (THWS)<br><br>Workshop 8 <strong>Klima und Demokratie &#8211; (Wie) Passt das zusammen?<\/strong><br>Junior-Prof. Dr. Ulrike Zeigermann<br>Professur f\u00fcr Sozialwissenschaftliche Nachhaltigkeitsforschung, Universit\u00e4t W\u00fcrzburg<br><br>Mit herzlichen Gr\u00fc\u00dfen<br><br>Ihr <strong>Patrick Friedl<\/strong> f\u00fcr die Klima-Allianz W\u00fcrzburg (Veranstalterin)<br>Ihre <strong>Dr. Nicola Oswald<\/strong> f\u00fcr das Nachhaltigkeitslabor WueLAB der Uni W\u00fcrzburg<br><br>PS R\u00fcckfragen bitte an Klima-Allianz W\u00fcrzburg per E-Mail:<br><strong>klima-allianz-wuerzburg@web.de<\/strong><\/p>\n\n\n\n<p>PPS Die Klima-Allianz W\u00fcrzburg wird unterst\u00fctzt von: ADFC W\u00fcrzburg, Akademie 4.0, Bergwaldprojekt e.V., B\u00fcndnis 90\/Die Gr\u00fcnen Kreisverband W\u00fcrzburg-Stadt, B\u00fcndnis ZukunftsKlima, BUND Naturschutz e.V. Kreisgruppe W\u00fcrzburg, ClimateHub W\u00fcrzburg, CSU Kreisverband W\u00fcrzburg-Stadt, Die Linke W\u00fcrzburg Mainfranken, DGB W\u00fcrzburg, Freie W\u00e4hler &#8211; FWG, GIH Bayern, IGU Rimpar, Naturfreunde W\u00fcrzburg, \u00d6DP Kreisverband W\u00fcrzburg Stadt, \u00d6kopax e.V., SPD W\u00fcrzburg, VCD Mainfranken-Rh\u00f6n, Zukunft f\u00fcr W\u00fcrzburg und Zukunftshaus eG W\u00fcrzburg<\/p>\n\n\n\n<p><\/p>\n<\/div><\/div>\n\n\n\n<hr class=\"wp-block-separator has-css-opacity\"\/>\n\n\n<div class=\"wp-block-post-date\"><time datetime=\"2025-03-15T19:27:43+01:00\">15. M\u00e4rz 2025<\/time><\/div>\n<\/li><\/ul><\/div>\n\n\n\n<p><\/p>\n","protected":false},"excerpt":{"rendered":"","protected":false},"author":1,"featured_media":0,"parent":0,"menu_order":0,"comment_status":"closed","ping_status":"closed","template":"","meta":{"ngg_post_thumbnail":0,"footnotes":""},"class_list":["post-51","page","type-page","status-publish","hentry"],"_links":{"self":[{"href":"https:\/\/klima-allianz-wuerzburg.de\/wps\/wp-json\/wp\/v2\/pages\/51","targetHints":{"allow":["GET"]}}],"collection":[{"href":"https:\/\/klima-allianz-wuerzburg.de\/wps\/wp-json\/wp\/v2\/pages"}],"about":[{"href":"https:\/\/klima-allianz-wuerzburg.de\/wps\/wp-json\/wp\/v2\/types\/page"}],"author":[{"embeddable":true,"href":"https:\/\/klima-allianz-wuerzburg.de\/wps\/wp-json\/wp\/v2\/users\/1"}],"replies":[{"embeddable":true,"href":"https:\/\/klima-allianz-wuerzburg.de\/wps\/wp-json\/wp\/v2\/comments?post=51"}],"version-history":[{"count":15,"href":"https:\/\/klima-allianz-wuerzburg.de\/wps\/wp-json\/wp\/v2\/pages\/51\/revisions"}],"predecessor-version":[{"id":183,"href":"https:\/\/klima-allianz-wuerzburg.de\/wps\/wp-json\/wp\/v2\/pages\/51\/revisions\/183"}],"wp:attachment":[{"href":"https:\/\/klima-allianz-wuerzburg.de\/wps\/wp-json\/wp\/v2\/media?parent=51"}],"curies":[{"name":"wp","href":"https:\/\/api.w.org\/{rel}","templated":true}]}}