{"id":94,"date":"2024-11-05T10:02:51","date_gmt":"2024-11-05T10:02:51","guid":{"rendered":"https:\/\/patrick-friedl.de\/klimaallianz\/wps\/?page_id=94"},"modified":"2024-11-05T10:02:52","modified_gmt":"2024-11-05T10:02:52","slug":"klimaschutzkongress","status":"publish","type":"page","link":"https:\/\/klima-allianz-wuerzburg.de\/wps\/klimaschutzkongress\/","title":{"rendered":"KlimaSchutzKongress"},"content":{"rendered":"\n<p>Aktuelles<\/p>\n\n\n\n<div class=\"wp-block-query is-layout-flow wp-block-query-is-layout-flow\"><ul class=\"wp-block-post-template is-layout-flow wp-block-post-template-is-layout-flow\"><li class=\"wp-block-post post-32 post type-post status-publish format-standard has-post-thumbnail hentry category-blog\">\n<h2 class=\"wp-block-post-title\"><a href=\"https:\/\/klima-allianz-wuerzburg.de\/wps\/wann-ist-wuerzburg-klimaneutral\/\" target=\"_self\" >&#8222;Wann ist W\u00fcrzburg klimaneutral?&#8220;<\/a><\/h2>\n\n<figure class=\"alignwide wp-block-post-featured-image\"><a href=\"https:\/\/klima-allianz-wuerzburg.de\/wps\/wann-ist-wuerzburg-klimaneutral\/\" target=\"_self\"  ><img loading=\"lazy\" decoding=\"async\" width=\"900\" height=\"600\" src=\"https:\/\/klima-allianz-wuerzburg.de\/wps\/wp-content\/uploads\/2024\/10\/KA-Sanduhr-Sharepic-website-1920x1280px.jpg\" class=\"attachment-post-thumbnail size-post-thumbnail wp-post-image\" alt=\"&#8222;Wann ist W\u00fcrzburg klimaneutral?&#8220;\" style=\"object-fit:cover;\" srcset=\"https:\/\/klima-allianz-wuerzburg.de\/wps\/wp-content\/uploads\/2024\/10\/KA-Sanduhr-Sharepic-website-1920x1280px.jpg 900w, https:\/\/klima-allianz-wuerzburg.de\/wps\/wp-content\/uploads\/2024\/10\/KA-Sanduhr-Sharepic-website-1920x1280px-300x200.jpg 300w, https:\/\/klima-allianz-wuerzburg.de\/wps\/wp-content\/uploads\/2024\/10\/KA-Sanduhr-Sharepic-website-1920x1280px-768x512.jpg 768w\" sizes=\"auto, (max-width: 900px) 100vw, 900px\" \/><\/a><\/figure>\n\n<div class=\"wp-block-post-excerpt\"><p class=\"wp-block-post-excerpt__excerpt\">&#8222;Wann ist W\u00fcrzburg klimaneutral?&#8220; so fragt die Klima-Allianz W\u00fcrzburg bei Ihrer aktuellen digitalen Veranstaltung am Mittwoch, 23. M\u00e4rz, um 18:30 Uhr Klimaschutz besch\u00e4ftigt W\u00fcrzburg intensiv seit 2009. Dem Grundsatzbeschluss zur Reduktion des CO2-Aussto\u00dfes um die H\u00e4lfte bis 2020 und dem ersten Klimaschutzkonzept Ende 2012 folgte nun die Fortschreibung. Am 20. Januar hat der Stadtrat mit&hellip;<\/p><p class=\"wp-block-post-excerpt__more-text\"><a class=\"wp-block-post-excerpt__more-link\" href=\"https:\/\/klima-allianz-wuerzburg.de\/wps\/wann-ist-wuerzburg-klimaneutral\/\">Weiterlesen<\/a><\/p><\/div>\n\n\n<hr class=\"wp-block-separator has-css-opacity\"\/>\n\n\n<div class=\"wp-block-post-date\"><time datetime=\"2022-03-18T09:02:41+01:00\">18. M\u00e4rz 2022<\/time><\/div>\n<\/li><li class=\"wp-block-post post-30 post type-post status-publish format-standard has-post-thumbnail hentry category-blog\">\n<h2 class=\"wp-block-post-title\"><a href=\"https:\/\/klima-allianz-wuerzburg.de\/wps\/klimawandel-und-ernaehrung\/\" target=\"_self\" >Klimawandel und Ern\u00e4hrung<\/a><\/h2>\n\n<figure class=\"alignwide wp-block-post-featured-image\"><a href=\"https:\/\/klima-allianz-wuerzburg.de\/wps\/klimawandel-und-ernaehrung\/\" target=\"_self\"  ><img loading=\"lazy\" decoding=\"async\" width=\"900\" height=\"900\" src=\"https:\/\/klima-allianz-wuerzburg.de\/wps\/wp-content\/uploads\/2021\/06\/phoca_thumb_l_klimawandel-und-ernaehrung-klima-allianz-sharepic-post-fb-insta-1080x1080px-v021.jpg\" class=\"attachment-post-thumbnail size-post-thumbnail wp-post-image\" alt=\"Klimawandel und Ern\u00e4hrung\" style=\"object-fit:cover;\" srcset=\"https:\/\/klima-allianz-wuerzburg.de\/wps\/wp-content\/uploads\/2021\/06\/phoca_thumb_l_klimawandel-und-ernaehrung-klima-allianz-sharepic-post-fb-insta-1080x1080px-v021.jpg 900w, https:\/\/klima-allianz-wuerzburg.de\/wps\/wp-content\/uploads\/2021\/06\/phoca_thumb_l_klimawandel-und-ernaehrung-klima-allianz-sharepic-post-fb-insta-1080x1080px-v021-300x300.jpg 300w, https:\/\/klima-allianz-wuerzburg.de\/wps\/wp-content\/uploads\/2021\/06\/phoca_thumb_l_klimawandel-und-ernaehrung-klima-allianz-sharepic-post-fb-insta-1080x1080px-v021-150x150.jpg 150w, https:\/\/klima-allianz-wuerzburg.de\/wps\/wp-content\/uploads\/2021\/06\/phoca_thumb_l_klimawandel-und-ernaehrung-klima-allianz-sharepic-post-fb-insta-1080x1080px-v021-768x768.jpg 768w\" sizes=\"auto, (max-width: 900px) 100vw, 900px\" \/><\/a><\/figure>\n\n<div class=\"wp-block-post-excerpt\"><p class=\"wp-block-post-excerpt__excerpt\">Herzliche Einladung zur Online-Veranstaltung \u201eKlimawandel und Ern\u00e4hrung am 30. Juni 2021 um 20 Uhr! Liebe Freundinnen und Freunde der\u00a0Klima-Allianz W\u00fcrzburg, um unsere Ern\u00e4hrung sicher zu stellen, haben wir den h\u00f6chsten CO2-Aussto\u00df aller Lebensbereiche. Wie kann da der Weg zu einer nachhaltigen Ern\u00e4hrung aussehen? Deshalb steht diesmal das Thema &#8222;Klimawandel und Ern\u00e4hrung&#8220; bei der Klima-Allianz W\u00fcrzburg&hellip;<\/p><p class=\"wp-block-post-excerpt__more-text\"><a class=\"wp-block-post-excerpt__more-link\" href=\"https:\/\/klima-allianz-wuerzburg.de\/wps\/klimawandel-und-ernaehrung\/\">Weiterlesen<\/a><\/p><\/div>\n\n\n<hr class=\"wp-block-separator has-css-opacity\"\/>\n\n\n<div class=\"wp-block-post-date\"><time datetime=\"2021-06-28T06:10:25+01:00\">28. Juni 2021<\/time><\/div>\n<\/li><li class=\"wp-block-post post-28 post type-post status-publish format-standard hentry category-blog\">\n<h2 class=\"wp-block-post-title\"><a href=\"https:\/\/klima-allianz-wuerzburg.de\/wps\/online-veranstaltung-energiewende-in-buergerhand\/\" target=\"_self\" >Online-Veranstaltung \u201eEnergiewende in B\u00fcrgerhand\u201c<\/a><\/h2>\n\n\n\n<div class=\"wp-block-post-excerpt\"><p class=\"wp-block-post-excerpt__excerpt\">Liebe Freundinnen und Freunde der\u00a0Klima-Allianz W\u00fcrzburg, die Energiewende nahm ihren Anfang als Graswurzelbewegung. Fast die H\u00e4lfte der installierten Leistung der Stromerzeugung aus Wind-, Solar- und Bioenergie befinden sich in B\u00fcrgerhand. Auch wenn die Politik es der B\u00fcrgerenergie-Bewegung zunehmend schwerer macht, hat die Vision von der Energiewende vor Ort nichts an Strahlkraft verloren. Wir, die Klima-Allianz&hellip;<\/p><p class=\"wp-block-post-excerpt__more-text\"><a class=\"wp-block-post-excerpt__more-link\" href=\"https:\/\/klima-allianz-wuerzburg.de\/wps\/online-veranstaltung-energiewende-in-buergerhand\/\">Weiterlesen<\/a><\/p><\/div>\n\n\n<hr class=\"wp-block-separator has-css-opacity\"\/>\n\n\n<div class=\"wp-block-post-date\"><time datetime=\"2021-06-07T07:39:06+01:00\">7. Juni 2021<\/time><\/div>\n<\/li><li class=\"wp-block-post post-27 post type-post status-publish format-standard has-post-thumbnail hentry category-blog\">\n<h2 class=\"wp-block-post-title\"><a href=\"https:\/\/klima-allianz-wuerzburg.de\/wps\/online-veranstaltung-klimafreundliches-bauen-und-wohnen\/\" target=\"_self\" >Online-Veranstaltung \u201eKlimafreundliches Bauen und Wohnen&#8220;<\/a><\/h2>\n\n<figure class=\"alignwide wp-block-post-featured-image\"><a href=\"https:\/\/klima-allianz-wuerzburg.de\/wps\/online-veranstaltung-klimafreundliches-bauen-und-wohnen\/\" target=\"_self\"  ><img loading=\"lazy\" decoding=\"async\" width=\"480\" height=\"480\" src=\"https:\/\/klima-allianz-wuerzburg.de\/wps\/wp-content\/uploads\/2021\/05\/phoca_thumb_l_sharepic-insta-klima-allianz-klimabauen-1080x1080px-v02.jpg\" class=\"attachment-post-thumbnail size-post-thumbnail wp-post-image\" alt=\"Online-Veranstaltung \u201eKlimafreundliches Bauen und Wohnen&#8220;\" style=\"object-fit:cover;\" srcset=\"https:\/\/klima-allianz-wuerzburg.de\/wps\/wp-content\/uploads\/2021\/05\/phoca_thumb_l_sharepic-insta-klima-allianz-klimabauen-1080x1080px-v02.jpg 480w, https:\/\/klima-allianz-wuerzburg.de\/wps\/wp-content\/uploads\/2021\/05\/phoca_thumb_l_sharepic-insta-klima-allianz-klimabauen-1080x1080px-v02-300x300.jpg 300w, https:\/\/klima-allianz-wuerzburg.de\/wps\/wp-content\/uploads\/2021\/05\/phoca_thumb_l_sharepic-insta-klima-allianz-klimabauen-1080x1080px-v02-150x150.jpg 150w\" sizes=\"auto, (max-width: 480px) 100vw, 480px\" \/><\/a><\/figure>\n\n<div class=\"wp-block-post-excerpt\"><p class=\"wp-block-post-excerpt__excerpt\">Liebe Freundinnen und Freunde der Klima-Allianz W\u00fcrzburg, wir, die Klima-Allianz W\u00fcrzburg, haben die erfahrenen Umwelt- und Energieberater Dr. Stefan M\u00fcssig und Martin Welther vom F\u00f6rderkreis Umweltschutz Unterfranken e.V. (www.fuu-ev.de) f\u00fcr einen Praxisvortrag und Diskussionsabend gewinnen k\u00f6nnen. Die Klima-Allianz W\u00fcrzburg &#8211; ein B\u00fcndnis von \u00fcber 15 Gruppen, Parteien und Organisationen aus W\u00fcrzburg m\u00f6chte in 2021 im&hellip;<\/p><p class=\"wp-block-post-excerpt__more-text\"><a class=\"wp-block-post-excerpt__more-link\" href=\"https:\/\/klima-allianz-wuerzburg.de\/wps\/online-veranstaltung-klimafreundliches-bauen-und-wohnen\/\">Weiterlesen<\/a><\/p><\/div>\n\n\n<hr class=\"wp-block-separator has-css-opacity\"\/>\n\n\n<div class=\"wp-block-post-date\"><time datetime=\"2021-05-11T05:51:16+01:00\">11. Mai 2021<\/time><\/div>\n<\/li><li class=\"wp-block-post post-25 post type-post status-publish format-standard hentry category-blog\">\n<h2 class=\"wp-block-post-title\"><a href=\"https:\/\/klima-allianz-wuerzburg.de\/wps\/35-jahre-nach-tschernobyl-gesundheitsfolgen-und-atomgefahren-heute\/\" target=\"_self\" >35 Jahre nach Tschernobyl &#8211; Gesundheitsfolgen und Atomgefahren heute<\/a><\/h2>\n\n\n\n<div class=\"wp-block-post-excerpt\"><p class=\"wp-block-post-excerpt__excerpt\">Klima-Allianz W\u00fcrzburg l\u00e4dt zu digitalen Vortrag mit Dr. Angelika Clau\u00dfen von IPPNW ein Die Klima-Allianz W\u00fcrzburg &#8211; ein B\u00fcndnis von \u00fcber 15 Gruppen, Parteien und Organisationen aus W\u00fcrzburg &#8211; widmet sich 35 Jahre nach der Havarie des Atomkraftwerks von Tschernobyl den gesundheitlichen Folgen und den heutigen Gefahren der Atomkraft. Hierzu konnten sie als kenntnisreiche Referentin&hellip;<\/p><p class=\"wp-block-post-excerpt__more-text\"><a class=\"wp-block-post-excerpt__more-link\" href=\"https:\/\/klima-allianz-wuerzburg.de\/wps\/35-jahre-nach-tschernobyl-gesundheitsfolgen-und-atomgefahren-heute\/\">Weiterlesen<\/a><\/p><\/div>\n\n\n<hr class=\"wp-block-separator has-css-opacity\"\/>\n\n\n<div class=\"wp-block-post-date\"><time datetime=\"2021-04-26T07:25:12+01:00\">26. April 2021<\/time><\/div>\n<\/li><\/ul><\/div>\n\n\n\n<p><\/p>\n","protected":false},"excerpt":{"rendered":"<p>Aktuelles<\/p>\n","protected":false},"author":1,"featured_media":0,"parent":0,"menu_order":0,"comment_status":"closed","ping_status":"closed","template":"","meta":{"ngg_post_thumbnail":0,"footnotes":""},"class_list":["post-94","page","type-page","status-publish","hentry"],"_links":{"self":[{"href":"https:\/\/klima-allianz-wuerzburg.de\/wps\/wp-json\/wp\/v2\/pages\/94","targetHints":{"allow":["GET"]}}],"collection":[{"href":"https:\/\/klima-allianz-wuerzburg.de\/wps\/wp-json\/wp\/v2\/pages"}],"about":[{"href":"https:\/\/klima-allianz-wuerzburg.de\/wps\/wp-json\/wp\/v2\/types\/page"}],"author":[{"embeddable":true,"href":"https:\/\/klima-allianz-wuerzburg.de\/wps\/wp-json\/wp\/v2\/users\/1"}],"replies":[{"embeddable":true,"href":"https:\/\/klima-allianz-wuerzburg.de\/wps\/wp-json\/wp\/v2\/comments?post=94"}],"version-history":[{"count":1,"href":"https:\/\/klima-allianz-wuerzburg.de\/wps\/wp-json\/wp\/v2\/pages\/94\/revisions"}],"predecessor-version":[{"id":95,"href":"https:\/\/klima-allianz-wuerzburg.de\/wps\/wp-json\/wp\/v2\/pages\/94\/revisions\/95"}],"wp:attachment":[{"href":"https:\/\/klima-allianz-wuerzburg.de\/wps\/wp-json\/wp\/v2\/media?parent=94"}],"curies":[{"name":"wp","href":"https:\/\/api.w.org\/{rel}","templated":true}]}}